{"id":60,"date":"2025-06-05T17:28:09","date_gmt":"2025-06-05T17:28:09","guid":{"rendered":"https:\/\/soulconnect.es\/?page_id=60"},"modified":"2025-07-25T16:55:31","modified_gmt":"2025-07-25T16:55:31","slug":"servicios","status":"publish","type":"page","link":"https:\/\/soulconnect.es\/index.php\/servicios\/","title":{"rendered":"Servicios"},"content":{"rendered":"\n<main class=\"wp-block-group alignfull site-content is-layout-flow wp-block-group-is-layout-flow\" id=\"header\" style=\"margin-top:0\">\n<div class=\"wp-block-cover alignfull\" style=\"padding-top:0px\"><img loading=\"lazy\" decoding=\"async\" width=\"1024\" height=\"683\" class=\"wp-block-cover__image-background wp-image-100 size-large\" alt=\"\" src=\"https:\/\/soulconnect.es\/wp-content\/uploads\/2025\/06\/free-photo-of-paisaje-montanas-naturaleza-nubes-1024x683.jpeg\" data-object-fit=\"cover\" srcset=\"https:\/\/soulconnect.es\/wp-content\/uploads\/2025\/06\/free-photo-of-paisaje-montanas-naturaleza-nubes-1024x683.jpeg 1024w, https:\/\/soulconnect.es\/wp-content\/uploads\/2025\/06\/free-photo-of-paisaje-montanas-naturaleza-nubes-300x200.jpeg 300w, https:\/\/soulconnect.es\/wp-content\/uploads\/2025\/06\/free-photo-of-paisaje-montanas-naturaleza-nubes-2000x1333.jpeg 2000w\" sizes=\"auto, (max-width: 1024px) 100vw, 1024px\" \/><span aria-hidden=\"true\" class=\"wp-block-cover__background has-black-background-color has-background-dim-40 has-background-dim\"><\/span><div class=\"wp-block-cover__inner-container is-layout-flow wp-block-cover-is-layout-flow\">\n<div class=\"wp-block-group is-style-default is-layout-constrained wp-block-group-is-layout-constrained\">\n<div style=\"height:251px\" aria-hidden=\"true\" class=\"wp-block-spacer\"><\/div>\n\n\n\n<h2 class=\"wp-block-heading has-white-color has-text-color has-max-48-font-size\">Servicios<\/h2>\n\n\n\n<div style=\"height:63px\" aria-hidden=\"true\" class=\"wp-block-spacer\"><\/div>\n<\/div>\n<\/div><\/div>\n<\/main>\n\n\n\n<div id=\"services\" class=\"wp-block-group pattern_multiple_covers is-layout-constrained wp-block-group-is-layout-constrained\">\n<div style=\"height:84px\" aria-hidden=\"true\" class=\"wp-block-spacer\"><\/div>\n\n\n\n<p class=\"has-text-align-left has-secondary-color has-text-color\" style=\"letter-spacing:1px\"><\/p>\n\n\n\n<h1 class=\"wp-block-heading has-text-align-left has-large-font-size\">Nuestros servicios<\/h1>\n\n\n\n<p class=\"has-text-align-left\">En <em>SoulConnect<\/em> te ofrecemos un espacio terap\u00e9utico \u00edntimo, humano y profundo, pensado para acompa\u00f1arte en los procesos que hoy te habitan. Trabajamos desde una mirada integradora y respetuosa, donde cuerpo, emoci\u00f3n, mente y v\u00ednculo tienen un lugar. Aqu\u00ed no buscamos soluciones r\u00e1pidas, sino un acompa\u00f1amiento real hacia lo que necesita ser sentido, nombrado o transformado.<\/p>\n\n\n\n<p>Cada persona llega con una historia distinta, por eso ofrecemos distintos caminos: sesiones individuales para reconectar contigo misma; terapia de pareja para recuperar el di\u00e1logo, el deseo o el v\u00ednculo; y sexolog\u00eda para explorar desde el respeto lo que a veces cuesta decir. Nuestros servicios est\u00e1n dise\u00f1ados para adaptarse a tu momento vital, sin juicios ni exigencias, con escucha y cuidado.<\/p>\n\n\n\n<p>Nos guiamos por una forma de hacer terapia donde la presencia, el ritmo interno y la honestidad emocional son fundamentales. Ya sea que te sientas perdida, bloqueada, desconectada o simplemente quieras conocerte m\u00e1s, este espacio est\u00e1 creado para ti. Puedes explorar cada servicio y elegir el que mejor te acompa\u00f1e hoy.<\/p>\n\n\n\n<div style=\"height:46px\" aria-hidden=\"true\" class=\"wp-block-spacer\"><\/div>\n\n\n\n<div class=\"wp-block-columns is-layout-flex wp-container-core-columns-is-layout-28f84493 wp-block-columns-is-layout-flex\">\n<div class=\"wp-block-column is-layout-flow wp-block-column-is-layout-flow\" style=\"padding-top:0;padding-right:0;padding-bottom:0;padding-left:0\">\n<div class=\"wp-block-cover has-custom-content-position is-position-bottom-left\" style=\"padding-top:var(--wp--preset--spacing--small);padding-right:var(--wp--preset--spacing--x-small);padding-bottom:var(--wp--preset--spacing--small);padding-left:var(--wp--preset--spacing--x-small)\"><img loading=\"lazy\" decoding=\"async\" width=\"1024\" height=\"679\" class=\"wp-block-cover__image-background wp-image-99 size-large\" alt=\"\" src=\"https:\/\/soulconnect.es\/wp-content\/uploads\/2025\/06\/bosque-1-1024x679.webp\" data-object-fit=\"cover\" srcset=\"https:\/\/soulconnect.es\/wp-content\/uploads\/2025\/06\/bosque-1-1024x679.webp 1024w, https:\/\/soulconnect.es\/wp-content\/uploads\/2025\/06\/bosque-1-300x199.webp 300w, https:\/\/soulconnect.es\/wp-content\/uploads\/2025\/06\/bosque-1.webp 1200w\" sizes=\"auto, (max-width: 1024px) 100vw, 1024px\" \/><span aria-hidden=\"true\" class=\"wp-block-cover__background has-primary-background-color has-background-dim-70 has-background-dim\"><\/span><div class=\"wp-block-cover__inner-container is-layout-flow wp-block-cover-is-layout-flow\">\n<h3 class=\"wp-block-heading has-white-color has-text-color has-medium-font-size\" style=\"margin-top:0;margin-right:0;margin-bottom:0;margin-left:0\">Sesiones: Terapia <br>Individual<\/h3>\n\n\n\n<p class=\"has-pale-cyan-blue-color has-text-color has-link-color wp-elements-b01426c6750c5ccff5264537d189d42a\" style=\"margin-top:0;margin-right:0;margin-bottom:0;margin-left:0\"><a href=\"https:\/\/soulconnect.es\/index.php\/terapia-individual\/\">Mas informaci\u00f3n\u2192<\/a><\/p>\n<\/div><\/div>\n<\/div>\n\n\n\n<div class=\"wp-block-column is-layout-flow wp-block-column-is-layout-flow\" style=\"padding-top:0;padding-right:0;padding-bottom:0;padding-left:0\">\n<div class=\"wp-block-cover has-custom-content-position is-position-bottom-left\" style=\"padding-top:var(--wp--preset--spacing--small);padding-right:var(--wp--preset--spacing--x-small);padding-bottom:var(--wp--preset--spacing--small);padding-left:var(--wp--preset--spacing--x-small)\"><img loading=\"lazy\" decoding=\"async\" width=\"1024\" height=\"682\" class=\"wp-block-cover__image-background wp-image-98 size-full\" alt=\"\" src=\"https:\/\/soulconnect.es\/wp-content\/uploads\/2025\/06\/kilauea-1.webp\" data-object-fit=\"cover\" srcset=\"https:\/\/soulconnect.es\/wp-content\/uploads\/2025\/06\/kilauea-1.webp 1024w, https:\/\/soulconnect.es\/wp-content\/uploads\/2025\/06\/kilauea-1-300x200.webp 300w\" sizes=\"auto, (max-width: 1024px) 100vw, 1024px\" \/><span aria-hidden=\"true\" class=\"wp-block-cover__background has-primary-background-color has-background-dim-70 has-background-dim\"><\/span><div class=\"wp-block-cover__inner-container is-layout-flow wp-block-cover-is-layout-flow\">\n<h3 class=\"wp-block-heading has-white-color has-text-color has-medium-font-size\" style=\"margin-top:0;margin-right:0;margin-bottom:0;margin-left:0\">Sesiones: Terapia<br>De Pareja<\/h3>\n\n\n\n<p class=\"has-pale-cyan-blue-color has-text-color has-link-color wp-elements-450d436c93fe5a113749b4fae53db32b\" style=\"margin-top:0;margin-right:0;margin-bottom:0;margin-left:0\"><a href=\"https:\/\/soulconnect.es\/index.php\/https-soulconnect-es-index-php-sesiones-en-pareja\/\">Mas informaci\u00f3n \u2192<\/a><\/p>\n<\/div><\/div>\n<\/div>\n\n\n\n<div class=\"wp-block-column is-layout-flow wp-block-column-is-layout-flow\" style=\"padding-top:0;padding-right:0;padding-bottom:0;padding-left:0\">\n<div class=\"wp-block-cover has-custom-content-position is-position-bottom-left\" style=\"padding-top:var(--wp--preset--spacing--small);padding-right:var(--wp--preset--spacing--x-small);padding-bottom:var(--wp--preset--spacing--small);padding-left:var(--wp--preset--spacing--x-small)\"><img loading=\"lazy\" decoding=\"async\" width=\"1024\" height=\"674\" class=\"wp-block-cover__image-background wp-image-5 size-large\" alt=\"\" src=\"https:\/\/soulconnect.es\/wp-content\/uploads\/2025\/06\/StockSnap_M6D1GS9PSL-1024x674.jpg\" data-object-fit=\"cover\" srcset=\"https:\/\/soulconnect.es\/wp-content\/uploads\/2025\/06\/StockSnap_M6D1GS9PSL-1024x674.jpg 1024w, https:\/\/soulconnect.es\/wp-content\/uploads\/2025\/06\/StockSnap_M6D1GS9PSL-300x198.jpg 300w, https:\/\/soulconnect.es\/wp-content\/uploads\/2025\/06\/StockSnap_M6D1GS9PSL.jpg 2000w\" sizes=\"auto, (max-width: 1024px) 100vw, 1024px\" \/><span aria-hidden=\"true\" class=\"wp-block-cover__background has-primary-background-color has-background-dim-70 has-background-dim\"><\/span><div class=\"wp-block-cover__inner-container is-layout-flow wp-block-cover-is-layout-flow\">\n<h3 class=\"wp-block-heading has-white-color has-text-color has-medium-font-size\" style=\"margin-top:0;margin-right:0;margin-bottom:0;margin-left:0\">Consulta abierta sobre sexualidad<\/h3>\n\n\n\n<p class=\"has-pale-cyan-blue-color has-text-color has-link-color wp-elements-f3a852eb9b3a2064b63f3e713f1726e7\" style=\"margin-top:0;margin-right:0;margin-bottom:0;margin-left:0\"><a href=\"https:\/\/wa.me\/message\/6ZU5M5UM3FJ3B1\">Mas informaci\u00f3n \u2192<\/a><\/p>\n<\/div><\/div>\n<\/div>\n<\/div>\n\n\n\n<div style=\"height:103px\" aria-hidden=\"true\" class=\"wp-block-spacer\"><\/div>\n<\/div>\n","protected":false},"excerpt":{"rendered":"<p>Nuestros servicios En SoulConnect te ofrecemos un espacio terap\u00e9utico \u00edntimo, humano y profundo, pensado para acompa\u00f1arte en los procesos que [&hellip;]<\/p>\n","protected":false},"author":1,"featured_media":0,"parent":0,"menu_order":0,"comment_status":"closed","ping_status":"closed","template":"","meta":{"site-sidebar-layout":"default","site-content-layout":"","ast-site-content-layout":"default","site-content-style":"default","site-sidebar-style":"default","ast-global-header-display":"","ast-banner-title-visibility":"","ast-main-header-display":"","ast-hfb-above-header-display":"","ast-hfb-below-header-display":"","ast-hfb-mobile-header-display":"","site-post-title":"disabled","ast-breadcrumbs-content":"","ast-featured-img":"","footer-sml-layout":"","theme-transparent-header-meta":"","adv-header-id-meta":"","stick-header-meta":"","header-above-stick-meta":"","header-main-stick-meta":"","header-below-stick-meta":"","astra-migrate-meta-layouts":"default","ast-page-background-enabled":"default","ast-page-background-meta":{"desktop":{"background-color":"var(--ast-global-color-5)","background-image":"","background-repeat":"repeat","background-position":"center center","background-size":"auto","background-attachment":"scroll","background-type":"","background-media":"","overlay-type":"","overlay-color":"","overlay-opacity":"","overlay-gradient":""},"tablet":{"background-color":"","background-image":"","background-repeat":"repeat","background-position":"center center","background-size":"auto","background-attachment":"scroll","background-type":"","background-media":"","overlay-type":"","overlay-color":"","overlay-opacity":"","overlay-gradient":""},"mobile":{"background-color":"","background-image":"","background-repeat":"repeat","background-position":"center center","background-size":"auto","background-attachment":"scroll","background-type":"","background-media":"","overlay-type":"","overlay-color":"","overlay-opacity":"","overlay-gradient":""}},"ast-content-background-meta":{"desktop":{"background-color":"var(--ast-global-color-4)","background-image":"","background-repeat":"repeat","background-position":"center center","background-size":"auto","background-attachment":"scroll","background-type":"","background-media":"","overlay-type":"","overlay-color":"","overlay-opacity":"","overlay-gradient":""},"tablet":{"background-color":"var(--ast-global-color-4)","background-image":"","background-repeat":"repeat","background-position":"center center","background-size":"auto","background-attachment":"scroll","background-type":"","background-media":"","overlay-type":"","overlay-color":"","overlay-opacity":"","overlay-gradient":""},"mobile":{"background-color":"var(--ast-global-color-4)","background-image":"","background-repeat":"repeat","background-position":"center center","background-size":"auto","background-attachment":"scroll","background-type":"","background-media":"","overlay-type":"","overlay-color":"","overlay-opacity":"","overlay-gradient":""}},"footnotes":""},"class_list":["post-60","page","type-page","status-publish","hentry"],"yoast_head":"<!-- This site is optimized with the Yoast SEO plugin v25.2 - https:\/\/yoast.com\/wordpress\/plugins\/seo\/ -->\n<title>Servicios - Soul Connect<\/title>\n<meta name=\"robots\" content=\"index, follow, max-snippet:-1, max-image-preview:large, max-video-preview:-1\" \/>\n<link rel=\"canonical\" href=\"https:\/\/soulconnect.es\/index.php\/servicios\/\" \/>\n<meta property=\"og:locale\" content=\"es_ES\" \/>\n<meta property=\"og:type\" content=\"article\" \/>\n<meta property=\"og:title\" content=\"Servicios - Soul Connect\" \/>\n<meta property=\"og:description\" content=\"Nuestros servicios En SoulConnect te ofrecemos un espacio terap\u00e9utico \u00edntimo, humano y profundo, pensado para acompa\u00f1arte en los procesos que [&hellip;]\" \/>\n<meta property=\"og:url\" content=\"https:\/\/soulconnect.es\/index.php\/servicios\/\" \/>\n<meta property=\"og:site_name\" content=\"Soul Connect\" \/>\n<meta property=\"article:modified_time\" content=\"2025-07-25T16:55:31+00:00\" \/>\n<meta property=\"og:image\" content=\"https:\/\/soulconnect.es\/wp-content\/uploads\/2025\/06\/free-photo-of-paisaje-montanas-naturaleza-nubes.jpeg\" \/>\n\t<meta property=\"og:image:width\" content=\"2250\" \/>\n\t<meta property=\"og:image:height\" content=\"1500\" \/>\n\t<meta property=\"og:image:type\" content=\"image\/jpeg\" \/>\n<meta name=\"twitter:card\" content=\"summary_large_image\" \/>\n<meta name=\"twitter:label1\" content=\"Tiempo de lectura\" \/>\n\t<meta name=\"twitter:data1\" content=\"2 minutos\" \/>\n<script type=\"application\/ld+json\" class=\"yoast-schema-graph\">{\"@context\":\"https:\/\/schema.org\",\"@graph\":[{\"@type\":\"WebPage\",\"@id\":\"https:\/\/soulconnect.es\/index.php\/servicios\/\",\"url\":\"https:\/\/soulconnect.es\/index.php\/servicios\/\",\"name\":\"Servicios - Soul Connect\",\"isPartOf\":{\"@id\":\"https:\/\/soulconnect.es\/#website\"},\"primaryImageOfPage\":{\"@id\":\"https:\/\/soulconnect.es\/index.php\/servicios\/#primaryimage\"},\"image\":{\"@id\":\"https:\/\/soulconnect.es\/index.php\/servicios\/#primaryimage\"},\"thumbnailUrl\":\"https:\/\/soulconnect.es\/wp-content\/uploads\/2025\/06\/free-photo-of-paisaje-montanas-naturaleza-nubes-1024x683.jpeg\",\"datePublished\":\"2025-06-05T17:28:09+00:00\",\"dateModified\":\"2025-07-25T16:55:31+00:00\",\"breadcrumb\":{\"@id\":\"https:\/\/soulconnect.es\/index.php\/servicios\/#breadcrumb\"},\"inLanguage\":\"es\",\"potentialAction\":[{\"@type\":\"ReadAction\",\"target\":[\"https:\/\/soulconnect.es\/index.php\/servicios\/\"]}]},{\"@type\":\"ImageObject\",\"inLanguage\":\"es\",\"@id\":\"https:\/\/soulconnect.es\/index.php\/servicios\/#primaryimage\",\"url\":\"https:\/\/soulconnect.es\/wp-content\/uploads\/2025\/06\/free-photo-of-paisaje-montanas-naturaleza-nubes.jpeg\",\"contentUrl\":\"https:\/\/soulconnect.es\/wp-content\/uploads\/2025\/06\/free-photo-of-paisaje-montanas-naturaleza-nubes.jpeg\",\"width\":2250,\"height\":1500},{\"@type\":\"BreadcrumbList\",\"@id\":\"https:\/\/soulconnect.es\/index.php\/servicios\/#breadcrumb\",\"itemListElement\":[{\"@type\":\"ListItem\",\"position\":1,\"name\":\"Portada\",\"item\":\"https:\/\/soulconnect.es\/\"},{\"@type\":\"ListItem\",\"position\":2,\"name\":\"Servicios\"}]},{\"@type\":\"WebSite\",\"@id\":\"https:\/\/soulconnect.es\/#website\",\"url\":\"https:\/\/soulconnect.es\/\",\"name\":\"Soulconnect.es\",\"description\":\"\",\"publisher\":{\"@id\":\"https:\/\/soulconnect.es\/#organization\"},\"potentialAction\":[{\"@type\":\"SearchAction\",\"target\":{\"@type\":\"EntryPoint\",\"urlTemplate\":\"https:\/\/soulconnect.es\/?s={search_term_string}\"},\"query-input\":{\"@type\":\"PropertyValueSpecification\",\"valueRequired\":true,\"valueName\":\"search_term_string\"}}],\"inLanguage\":\"es\"},{\"@type\":\"Organization\",\"@id\":\"https:\/\/soulconnect.es\/#organization\",\"name\":\"Soul Connect\",\"url\":\"https:\/\/soulconnect.es\/\",\"logo\":{\"@type\":\"ImageObject\",\"inLanguage\":\"es\",\"@id\":\"https:\/\/soulconnect.es\/#\/schema\/logo\/image\/\",\"url\":\"https:\/\/soulconnect.es\/wp-content\/uploads\/2025\/06\/favicon.png\",\"contentUrl\":\"https:\/\/soulconnect.es\/wp-content\/uploads\/2025\/06\/favicon.png\",\"width\":1024,\"height\":1024,\"caption\":\"Soul Connect\"},\"image\":{\"@id\":\"https:\/\/soulconnect.es\/#\/schema\/logo\/image\/\"}}]}<\/script>\n<!-- \/ Yoast SEO plugin. -->","yoast_head_json":{"title":"Servicios - Soul Connect","robots":{"index":"index","follow":"follow","max-snippet":"max-snippet:-1","max-image-preview":"max-image-preview:large","max-video-preview":"max-video-preview:-1"},"canonical":"https:\/\/soulconnect.es\/index.php\/servicios\/","og_locale":"es_ES","og_type":"article","og_title":"Servicios - Soul Connect","og_description":"Nuestros servicios En SoulConnect te ofrecemos un espacio terap\u00e9utico \u00edntimo, humano y profundo, pensado para acompa\u00f1arte en los procesos que [&hellip;]","og_url":"https:\/\/soulconnect.es\/index.php\/servicios\/","og_site_name":"Soul Connect","article_modified_time":"2025-07-25T16:55:31+00:00","og_image":[{"width":2250,"height":1500,"url":"https:\/\/soulconnect.es\/wp-content\/uploads\/2025\/06\/free-photo-of-paisaje-montanas-naturaleza-nubes.jpeg","type":"image\/jpeg"}],"twitter_card":"summary_large_image","twitter_misc":{"Tiempo de lectura":"2 minutos"},"schema":{"@context":"https:\/\/schema.org","@graph":[{"@type":"WebPage","@id":"https:\/\/soulconnect.es\/index.php\/servicios\/","url":"https:\/\/soulconnect.es\/index.php\/servicios\/","name":"Servicios - Soul Connect","isPartOf":{"@id":"https:\/\/soulconnect.es\/#website"},"primaryImageOfPage":{"@id":"https:\/\/soulconnect.es\/index.php\/servicios\/#primaryimage"},"image":{"@id":"https:\/\/soulconnect.es\/index.php\/servicios\/#primaryimage"},"thumbnailUrl":"https:\/\/soulconnect.es\/wp-content\/uploads\/2025\/06\/free-photo-of-paisaje-montanas-naturaleza-nubes-1024x683.jpeg","datePublished":"2025-06-05T17:28:09+00:00","dateModified":"2025-07-25T16:55:31+00:00","breadcrumb":{"@id":"https:\/\/soulconnect.es\/index.php\/servicios\/#breadcrumb"},"inLanguage":"es","potentialAction":[{"@type":"ReadAction","target":["https:\/\/soulconnect.es\/index.php\/servicios\/"]}]},{"@type":"ImageObject","inLanguage":"es","@id":"https:\/\/soulconnect.es\/index.php\/servicios\/#primaryimage","url":"https:\/\/soulconnect.es\/wp-content\/uploads\/2025\/06\/free-photo-of-paisaje-montanas-naturaleza-nubes.jpeg","contentUrl":"https:\/\/soulconnect.es\/wp-content\/uploads\/2025\/06\/free-photo-of-paisaje-montanas-naturaleza-nubes.jpeg","width":2250,"height":1500},{"@type":"BreadcrumbList","@id":"https:\/\/soulconnect.es\/index.php\/servicios\/#breadcrumb","itemListElement":[{"@type":"ListItem","position":1,"name":"Portada","item":"https:\/\/soulconnect.es\/"},{"@type":"ListItem","position":2,"name":"Servicios"}]},{"@type":"WebSite","@id":"https:\/\/soulconnect.es\/#website","url":"https:\/\/soulconnect.es\/","name":"Soulconnect.es","description":"","publisher":{"@id":"https:\/\/soulconnect.es\/#organization"},"potentialAction":[{"@type":"SearchAction","target":{"@type":"EntryPoint","urlTemplate":"https:\/\/soulconnect.es\/?s={search_term_string}"},"query-input":{"@type":"PropertyValueSpecification","valueRequired":true,"valueName":"search_term_string"}}],"inLanguage":"es"},{"@type":"Organization","@id":"https:\/\/soulconnect.es\/#organization","name":"Soul Connect","url":"https:\/\/soulconnect.es\/","logo":{"@type":"ImageObject","inLanguage":"es","@id":"https:\/\/soulconnect.es\/#\/schema\/logo\/image\/","url":"https:\/\/soulconnect.es\/wp-content\/uploads\/2025\/06\/favicon.png","contentUrl":"https:\/\/soulconnect.es\/wp-content\/uploads\/2025\/06\/favicon.png","width":1024,"height":1024,"caption":"Soul Connect"},"image":{"@id":"https:\/\/soulconnect.es\/#\/schema\/logo\/image\/"}}]}},"_links":{"self":[{"href":"https:\/\/soulconnect.es\/index.php\/wp-json\/wp\/v2\/pages\/60","targetHints":{"allow":["GET"]}}],"collection":[{"href":"https:\/\/soulconnect.es\/index.php\/wp-json\/wp\/v2\/pages"}],"about":[{"href":"https:\/\/soulconnect.es\/index.php\/wp-json\/wp\/v2\/types\/page"}],"author":[{"embeddable":true,"href":"https:\/\/soulconnect.es\/index.php\/wp-json\/wp\/v2\/users\/1"}],"replies":[{"embeddable":true,"href":"https:\/\/soulconnect.es\/index.php\/wp-json\/wp\/v2\/comments?post=60"}],"version-history":[{"count":15,"href":"https:\/\/soulconnect.es\/index.php\/wp-json\/wp\/v2\/pages\/60\/revisions"}],"predecessor-version":[{"id":267,"href":"https:\/\/soulconnect.es\/index.php\/wp-json\/wp\/v2\/pages\/60\/revisions\/267"}],"wp:attachment":[{"href":"https:\/\/soulconnect.es\/index.php\/wp-json\/wp\/v2\/media?parent=60"}],"curies":[{"name":"wp","href":"https:\/\/api.w.org\/{rel}","templated":true}]}}