{"id":67,"date":"2025-06-05T17:51:21","date_gmt":"2025-06-05T17:51:21","guid":{"rendered":"https:\/\/soulconnect.es\/?page_id=67"},"modified":"2025-07-25T16:46:13","modified_gmt":"2025-07-25T16:46:13","slug":"terapia-individual","status":"publish","type":"page","link":"https:\/\/soulconnect.es\/index.php\/terapia-individual\/","title":{"rendered":"Sesiones Individuales de psicolog\u00eda online | Lorena Ros Sanz \u2013 SoulConnect"},"content":{"rendered":"\n<div class=\"wp-block-group alignfull is-layout-flow wp-container-core-group-is-layout-c4d5c1b7 wp-block-group-is-layout-flow\" id=\"cover\" style=\"margin-top:0px;margin-bottom:0px\">\n<div class=\"wp-block-cover alignfull has-parallax has-small-font-size\" style=\"min-height:100px;aspect-ratio:unset;\"><div class=\"wp-block-cover__image-background wp-image-99 size-large has-parallax\" style=\"background-position:50% 50%;background-image:url(https:\/\/soulconnect.es\/wp-content\/uploads\/2025\/06\/bosque-1-1024x679.webp)\"><\/div><span aria-hidden=\"true\" class=\"wp-block-cover__background has-black-background-color has-background-dim\"><\/span><div class=\"wp-block-cover__inner-container is-layout-constrained wp-container-core-cover-is-layout-95c5e151 wp-block-cover-is-layout-constrained\">\n<div class=\"wp-block-group is-layout-constrained wp-container-core-group-is-layout-4383d167 wp-block-group-is-layout-constrained\">\n<h1 class=\"wp-block-heading has-ast-global-color-4-color has-text-color has-link-color wp-elements-3433866f2a329ba5a40513dd0fc4b36e\">Sesiones Individuales<\/h1>\n\n\n\n<p class=\"has-ast-global-color-4-color has-text-color has-link-color wp-elements-d09955475e6884a4576095f34b92df95\">Un espacio \u00edntimo para volver a ti.<\/p>\n\n\n\n<p class=\"has-ast-global-color-4-color has-text-color has-link-color wp-elements-99e1ad4ac60759f97476414db236ae95\">En las sesiones individuales te acompa\u00f1o a explorar lo que hoy te habita: emociones que no sabes nombrar, patrones que se repiten, heridas que a\u00fan duelen, decisiones que pesan.<\/p>\n\n\n\n<p class=\"has-ast-global-color-4-color has-text-color has-link-color wp-elements-9b30fff2785d3002ac338bf52a4987bd\">Es un proceso contigo misma. Una invitaci\u00f3n a escucharte desde la calma, sin juicio, con presencia. Trabajamos desde el cuerpo, la emoci\u00f3n, la palabra y el deseo de reconectar con tu parte m\u00e1s honesta.<\/p>\n\n\n\n<hr class=\"wp-block-separator has-alpha-channel-opacity\"\/>\n\n\n\n<h3 class=\"wp-block-heading has-ast-global-color-4-color has-text-color has-link-color wp-elements-1a64e98e34e69a4f76ae919e177dfccb\"><strong>\u00bfQu\u00e9 puedes trabajar en sesi\u00f3n?<\/strong> <\/h3>\n\n\n\n<ul class=\"wp-block-list\">\n<li> Ansiedad, bloqueo emocional o desconexi\u00f3n corporal<\/li>\n\n\n\n<li> Duelos, rupturas, cambios vitales<\/li>\n\n\n\n<li> Autoestima, autocuidado, l\u00edmites<\/li>\n\n\n\n<li> Cansancio mental o sensaci\u00f3n de estar perdida<\/li>\n\n\n\n<li> Reconexi\u00f3n con el deseo, la identidad o el cuerpo<\/li>\n\n\n\n<li> Proceso personal sin necesidad de una \u201ccrisis\u201d<\/li>\n<\/ul>\n\n\n\n<div class=\"wp-block-group is-layout-constrained wp-block-group-is-layout-constrained\">\n<h3 class=\"wp-block-heading has-ast-global-color-4-color has-text-color has-link-color wp-elements-86e0917d1d008e328165a76c4276592b\"><strong>\u00bfC\u00f3mo es el acompa\u00f1amiento?<\/strong> <\/h3>\n\n\n\n<p class=\"has-ast-global-color-4-color has-text-color has-link-color wp-elements-a9b9fbe79febe80216b3b40346c1b335\">Las sesiones tienen una duraci\u00f3n de <strong>50 minutos<\/strong> y se realizan de forma <strong>online<\/strong>, a trav\u00e9s de una plataforma segura.<\/p>\n\n\n\n<p class=\"has-ast-global-color-4-color has-text-color has-link-color wp-elements-1149c8433923bedb0f46b7627721b4e7\">El espacio est\u00e1 pensado para que puedas expresarte con libertad, en tu tiempo y a tu ritmo. La frecuencia recomendada es semanal o quincenal, pero se adapta a tus necesidades.<\/p>\n\n\n\n<div class=\"wp-block-group is-layout-constrained wp-block-group-is-layout-constrained\">\n<h3 class=\"wp-block-heading has-ast-global-color-4-color has-text-color has-link-color wp-elements-c6bb25a8d003655096c52d5bfb6e9fc8\"><strong>Precio por sesi\u00f3n: 60\u202f\u20ac<\/strong> <\/h3>\n\n\n\n<p class=\"has-ast-global-color-4-color has-text-color has-link-color wp-elements-060aaeaa2dc9565e2ffa0a3fbd93f990\">La reserva se realiza por anticipado mediante un sistema seguro de pago.<br>Puedes agendar tu cita directamente desde el calendario o escribir para resolver cualquier duda antes de comenzar.<\/p>\n<\/div>\n<\/div>\n\n\n\n<div class=\"wp-block-buttons is-layout-flex wp-block-buttons-is-layout-flex\">\n<div class=\"wp-block-button is-style-fill\"><a class=\"wp-block-button__link has-secondary-background-color has-background wp-element-button\" href=\"https:\/\/soulconnect.es\/index.php\/contacto-2\/\" style=\"border-radius:0px;text-transform:uppercase\">QUIERO RESERVAR MI SESION<\/a><\/div>\n\n\n\n<div class=\"wp-block-button is-style-outline is-style-outline--1\"><a class=\"wp-block-button__link wp-element-button\" href=\"https:\/\/soulconnect.es\/index.php\/contacto-2\/\" style=\"border-radius:0px;text-transform:uppercase\">ESCRIBEME ANTES DE EMPEZAR<\/a><\/div>\n<\/div>\n<\/div>\n<\/div><\/div>\n<\/div>\n","protected":false},"excerpt":{"rendered":"","protected":false},"author":1,"featured_media":0,"parent":0,"menu_order":0,"comment_status":"closed","ping_status":"closed","template":"","meta":{"site-sidebar-layout":"default","site-content-layout":"","ast-site-content-layout":"default","site-content-style":"default","site-sidebar-style":"default","ast-global-header-display":"","ast-banner-title-visibility":"","ast-main-header-display":"","ast-hfb-above-header-display":"","ast-hfb-below-header-display":"","ast-hfb-mobile-header-display":"","site-post-title":"","ast-breadcrumbs-content":"","ast-featured-img":"","footer-sml-layout":"","theme-transparent-header-meta":"","adv-header-id-meta":"","stick-header-meta":"","header-above-stick-meta":"","header-main-stick-meta":"","header-below-stick-meta":"","astra-migrate-meta-layouts":"default","ast-page-background-enabled":"default","ast-page-background-meta":{"desktop":{"background-color":"var(--ast-global-color-5)","background-image":"","background-repeat":"repeat","background-position":"center center","background-size":"auto","background-attachment":"scroll","background-type":"","background-media":"","overlay-type":"","overlay-color":"","overlay-opacity":"","overlay-gradient":""},"tablet":{"background-color":"","background-image":"","background-repeat":"repeat","background-position":"center center","background-size":"auto","background-attachment":"scroll","background-type":"","background-media":"","overlay-type":"","overlay-color":"","overlay-opacity":"","overlay-gradient":""},"mobile":{"background-color":"","background-image":"","background-repeat":"repeat","background-position":"center center","background-size":"auto","background-attachment":"scroll","background-type":"","background-media":"","overlay-type":"","overlay-color":"","overlay-opacity":"","overlay-gradient":""}},"ast-content-background-meta":{"desktop":{"background-color":"var(--ast-global-color-4)","background-image":"","background-repeat":"repeat","background-position":"center center","background-size":"auto","background-attachment":"scroll","background-type":"","background-media":"","overlay-type":"","overlay-color":"","overlay-opacity":"","overlay-gradient":""},"tablet":{"background-color":"var(--ast-global-color-4)","background-image":"","background-repeat":"repeat","background-position":"center center","background-size":"auto","background-attachment":"scroll","background-type":"","background-media":"","overlay-type":"","overlay-color":"","overlay-opacity":"","overlay-gradient":""},"mobile":{"background-color":"var(--ast-global-color-4)","background-image":"","background-repeat":"repeat","background-position":"center center","background-size":"auto","background-attachment":"scroll","background-type":"","background-media":"","overlay-type":"","overlay-color":"","overlay-opacity":"","overlay-gradient":""}},"footnotes":""},"class_list":["post-67","page","type-page","status-publish","hentry"],"yoast_head":"<!-- This site is optimized with the Yoast SEO plugin v25.2 - https:\/\/yoast.com\/wordpress\/plugins\/seo\/ -->\n<title>Sesiones individuales de psicolog\u00eda online | Lorena Ros Sanz \u2013 SoulConnect - Soul Connect<\/title>\n<meta name=\"description\" content=\"Sesiones individuales de psicolog\u00eda online con Lorena Ros Sanz. Un espacio \u00edntimo para reconectar contigo desde la emoci\u00f3n, el cuerpo y la palabra. Precio 60\u202f\u20ac.\" \/>\n<meta name=\"robots\" content=\"index, follow, max-snippet:-1, max-image-preview:large, max-video-preview:-1\" \/>\n<link rel=\"canonical\" href=\"https:\/\/soulconnect.es\/index.php\/terapia-individual\/\" \/>\n<meta property=\"og:locale\" content=\"es_ES\" \/>\n<meta property=\"og:type\" content=\"article\" \/>\n<meta property=\"og:title\" content=\"Sesiones individuales de psicolog\u00eda online | Lorena Ros Sanz \u2013 SoulConnect - Soul Connect\" \/>\n<meta property=\"og:description\" content=\"Sesiones individuales de psicolog\u00eda online con Lorena Ros Sanz. Un espacio \u00edntimo para reconectar contigo desde la emoci\u00f3n, el cuerpo y la palabra. Precio 60\u202f\u20ac.\" \/>\n<meta property=\"og:url\" content=\"https:\/\/soulconnect.es\/index.php\/terapia-individual\/\" \/>\n<meta property=\"og:site_name\" content=\"Soul Connect\" \/>\n<meta property=\"article:modified_time\" content=\"2025-07-25T16:46:13+00:00\" \/>\n<meta name=\"twitter:card\" content=\"summary_large_image\" \/>\n<meta name=\"twitter:label1\" content=\"Tiempo de lectura\" \/>\n\t<meta name=\"twitter:data1\" content=\"1 minuto\" \/>\n<script type=\"application\/ld+json\" class=\"yoast-schema-graph\">{\"@context\":\"https:\/\/schema.org\",\"@graph\":[{\"@type\":\"WebPage\",\"@id\":\"https:\/\/soulconnect.es\/index.php\/terapia-individual\/\",\"url\":\"https:\/\/soulconnect.es\/index.php\/terapia-individual\/\",\"name\":\"Sesiones individuales de psicolog\u00eda online | Lorena Ros Sanz \u2013 SoulConnect - Soul Connect\",\"isPartOf\":{\"@id\":\"https:\/\/soulconnect.es\/#website\"},\"datePublished\":\"2025-06-05T17:51:21+00:00\",\"dateModified\":\"2025-07-25T16:46:13+00:00\",\"description\":\"Sesiones individuales de psicolog\u00eda online con Lorena Ros Sanz. Un espacio \u00edntimo para reconectar contigo desde la emoci\u00f3n, el cuerpo y la palabra. Precio 60\u202f\u20ac.\",\"breadcrumb\":{\"@id\":\"https:\/\/soulconnect.es\/index.php\/terapia-individual\/#breadcrumb\"},\"inLanguage\":\"es\",\"potentialAction\":[{\"@type\":\"ReadAction\",\"target\":[\"https:\/\/soulconnect.es\/index.php\/terapia-individual\/\"]}]},{\"@type\":\"BreadcrumbList\",\"@id\":\"https:\/\/soulconnect.es\/index.php\/terapia-individual\/#breadcrumb\",\"itemListElement\":[{\"@type\":\"ListItem\",\"position\":1,\"name\":\"Portada\",\"item\":\"https:\/\/soulconnect.es\/\"},{\"@type\":\"ListItem\",\"position\":2,\"name\":\"Sesiones Individuales de psicolog\u00eda online | Lorena Ros Sanz \u2013 SoulConnect\"}]},{\"@type\":\"WebSite\",\"@id\":\"https:\/\/soulconnect.es\/#website\",\"url\":\"https:\/\/soulconnect.es\/\",\"name\":\"Soulconnect.es\",\"description\":\"\",\"publisher\":{\"@id\":\"https:\/\/soulconnect.es\/#organization\"},\"potentialAction\":[{\"@type\":\"SearchAction\",\"target\":{\"@type\":\"EntryPoint\",\"urlTemplate\":\"https:\/\/soulconnect.es\/?s={search_term_string}\"},\"query-input\":{\"@type\":\"PropertyValueSpecification\",\"valueRequired\":true,\"valueName\":\"search_term_string\"}}],\"inLanguage\":\"es\"},{\"@type\":\"Organization\",\"@id\":\"https:\/\/soulconnect.es\/#organization\",\"name\":\"Soul Connect\",\"url\":\"https:\/\/soulconnect.es\/\",\"logo\":{\"@type\":\"ImageObject\",\"inLanguage\":\"es\",\"@id\":\"https:\/\/soulconnect.es\/#\/schema\/logo\/image\/\",\"url\":\"https:\/\/soulconnect.es\/wp-content\/uploads\/2025\/06\/favicon.png\",\"contentUrl\":\"https:\/\/soulconnect.es\/wp-content\/uploads\/2025\/06\/favicon.png\",\"width\":1024,\"height\":1024,\"caption\":\"Soul Connect\"},\"image\":{\"@id\":\"https:\/\/soulconnect.es\/#\/schema\/logo\/image\/\"}}]}<\/script>\n<!-- \/ Yoast SEO plugin. -->","yoast_head_json":{"title":"Sesiones individuales de psicolog\u00eda online | Lorena Ros Sanz \u2013 SoulConnect - Soul Connect","description":"Sesiones individuales de psicolog\u00eda online con Lorena Ros Sanz. Un espacio \u00edntimo para reconectar contigo desde la emoci\u00f3n, el cuerpo y la palabra. Precio 60\u202f\u20ac.","robots":{"index":"index","follow":"follow","max-snippet":"max-snippet:-1","max-image-preview":"max-image-preview:large","max-video-preview":"max-video-preview:-1"},"canonical":"https:\/\/soulconnect.es\/index.php\/terapia-individual\/","og_locale":"es_ES","og_type":"article","og_title":"Sesiones individuales de psicolog\u00eda online | Lorena Ros Sanz \u2013 SoulConnect - Soul Connect","og_description":"Sesiones individuales de psicolog\u00eda online con Lorena Ros Sanz. Un espacio \u00edntimo para reconectar contigo desde la emoci\u00f3n, el cuerpo y la palabra. Precio 60\u202f\u20ac.","og_url":"https:\/\/soulconnect.es\/index.php\/terapia-individual\/","og_site_name":"Soul Connect","article_modified_time":"2025-07-25T16:46:13+00:00","twitter_card":"summary_large_image","twitter_misc":{"Tiempo de lectura":"1 minuto"},"schema":{"@context":"https:\/\/schema.org","@graph":[{"@type":"WebPage","@id":"https:\/\/soulconnect.es\/index.php\/terapia-individual\/","url":"https:\/\/soulconnect.es\/index.php\/terapia-individual\/","name":"Sesiones individuales de psicolog\u00eda online | Lorena Ros Sanz \u2013 SoulConnect - Soul Connect","isPartOf":{"@id":"https:\/\/soulconnect.es\/#website"},"datePublished":"2025-06-05T17:51:21+00:00","dateModified":"2025-07-25T16:46:13+00:00","description":"Sesiones individuales de psicolog\u00eda online con Lorena Ros Sanz. Un espacio \u00edntimo para reconectar contigo desde la emoci\u00f3n, el cuerpo y la palabra. Precio 60\u202f\u20ac.","breadcrumb":{"@id":"https:\/\/soulconnect.es\/index.php\/terapia-individual\/#breadcrumb"},"inLanguage":"es","potentialAction":[{"@type":"ReadAction","target":["https:\/\/soulconnect.es\/index.php\/terapia-individual\/"]}]},{"@type":"BreadcrumbList","@id":"https:\/\/soulconnect.es\/index.php\/terapia-individual\/#breadcrumb","itemListElement":[{"@type":"ListItem","position":1,"name":"Portada","item":"https:\/\/soulconnect.es\/"},{"@type":"ListItem","position":2,"name":"Sesiones Individuales de psicolog\u00eda online | Lorena Ros Sanz \u2013 SoulConnect"}]},{"@type":"WebSite","@id":"https:\/\/soulconnect.es\/#website","url":"https:\/\/soulconnect.es\/","name":"Soulconnect.es","description":"","publisher":{"@id":"https:\/\/soulconnect.es\/#organization"},"potentialAction":[{"@type":"SearchAction","target":{"@type":"EntryPoint","urlTemplate":"https:\/\/soulconnect.es\/?s={search_term_string}"},"query-input":{"@type":"PropertyValueSpecification","valueRequired":true,"valueName":"search_term_string"}}],"inLanguage":"es"},{"@type":"Organization","@id":"https:\/\/soulconnect.es\/#organization","name":"Soul Connect","url":"https:\/\/soulconnect.es\/","logo":{"@type":"ImageObject","inLanguage":"es","@id":"https:\/\/soulconnect.es\/#\/schema\/logo\/image\/","url":"https:\/\/soulconnect.es\/wp-content\/uploads\/2025\/06\/favicon.png","contentUrl":"https:\/\/soulconnect.es\/wp-content\/uploads\/2025\/06\/favicon.png","width":1024,"height":1024,"caption":"Soul Connect"},"image":{"@id":"https:\/\/soulconnect.es\/#\/schema\/logo\/image\/"}}]}},"_links":{"self":[{"href":"https:\/\/soulconnect.es\/index.php\/wp-json\/wp\/v2\/pages\/67","targetHints":{"allow":["GET"]}}],"collection":[{"href":"https:\/\/soulconnect.es\/index.php\/wp-json\/wp\/v2\/pages"}],"about":[{"href":"https:\/\/soulconnect.es\/index.php\/wp-json\/wp\/v2\/types\/page"}],"author":[{"embeddable":true,"href":"https:\/\/soulconnect.es\/index.php\/wp-json\/wp\/v2\/users\/1"}],"replies":[{"embeddable":true,"href":"https:\/\/soulconnect.es\/index.php\/wp-json\/wp\/v2\/comments?post=67"}],"version-history":[{"count":11,"href":"https:\/\/soulconnect.es\/index.php\/wp-json\/wp\/v2\/pages\/67\/revisions"}],"predecessor-version":[{"id":261,"href":"https:\/\/soulconnect.es\/index.php\/wp-json\/wp\/v2\/pages\/67\/revisions\/261"}],"wp:attachment":[{"href":"https:\/\/soulconnect.es\/index.php\/wp-json\/wp\/v2\/media?parent=67"}],"curies":[{"name":"wp","href":"https:\/\/api.w.org\/{rel}","templated":true}]}}