{"id":75,"date":"2025-06-11T08:52:05","date_gmt":"2025-06-11T08:52:05","guid":{"rendered":"https:\/\/soulconnect.es\/?page_id=75"},"modified":"2025-07-25T16:47:02","modified_gmt":"2025-07-25T16:47:02","slug":"https-soulconnect-es-index-php-sesiones-en-pareja","status":"publish","type":"page","link":"https:\/\/soulconnect.es\/index.php\/https-soulconnect-es-index-php-sesiones-en-pareja\/","title":{"rendered":"Terapia de Pareja online | Lorena Ros Sanz \u2013 SoulConnect"},"content":{"rendered":"\n<div class=\"wp-block-group alignfull is-layout-flow wp-container-core-group-is-layout-c4d5c1b7 wp-block-group-is-layout-flow\" id=\"cover\" style=\"margin-top:0px;margin-bottom:0px\">\n<div class=\"wp-block-cover alignfull\" style=\"min-height:549px;aspect-ratio:unset;\"><img loading=\"lazy\" decoding=\"async\" width=\"1024\" height=\"1536\" class=\"wp-block-cover__image-background wp-image-246 size-full\" alt=\"\" src=\"https:\/\/soulconnect.es\/wp-content\/uploads\/2025\/07\/WhatsApp-Image-2025-07-09-at-17.25.30.jpeg\" data-object-fit=\"cover\" srcset=\"https:\/\/soulconnect.es\/wp-content\/uploads\/2025\/07\/WhatsApp-Image-2025-07-09-at-17.25.30.jpeg 1024w, https:\/\/soulconnect.es\/wp-content\/uploads\/2025\/07\/WhatsApp-Image-2025-07-09-at-17.25.30-200x300.jpeg 200w, https:\/\/soulconnect.es\/wp-content\/uploads\/2025\/07\/WhatsApp-Image-2025-07-09-at-17.25.30-683x1024.jpeg 683w, https:\/\/soulconnect.es\/wp-content\/uploads\/2025\/07\/WhatsApp-Image-2025-07-09-at-17.25.30-768x1152.jpeg 768w\" sizes=\"auto, (max-width: 1024px) 100vw, 1024px\" \/><span aria-hidden=\"true\" class=\"wp-block-cover__background has-black-background-color has-background-dim\"><\/span><div class=\"wp-block-cover__inner-container is-layout-constrained wp-block-cover-is-layout-constrained\">\n<div class=\"wp-block-group is-layout-constrained wp-container-core-group-is-layout-4383d167 wp-block-group-is-layout-constrained\">\n<blockquote class=\"wp-block-quote is-layout-flow wp-block-quote-is-layout-flow\">\n<p class=\"has-text-align-center has-ast-global-color-4-color has-text-color has-link-color wp-elements-64b93e17a6ded882edae0805469b9d9b\"><em>\u201cNo se trata de volver a ser los de antes. Se trata de encontrarnos desde otro lugar.\u201d<\/em><\/p>\n<\/blockquote>\n\n\n\n<h1 class=\"wp-block-heading has-white-color has-text-color has-large-font-size\">Terapia de Pareja<\/h1>\n\n\n\n<h3 class=\"wp-block-heading has-ast-global-color-4-color has-text-color has-link-color wp-elements-706d89b8f8bf313ef27b78656324f4fc\">Cuando el amor pide ser escuchado.<\/h3>\n\n\n\n<p class=\"has-ast-global-color-4-color has-text-color has-link-color wp-elements-6fe92064ee408b65adb8f9af8338d18b\">La terapia de pareja es un espacio para detenerse y mirar juntos. Un lugar donde el v\u00ednculo puede respirar, el conflicto puede comprenderse y el deseo puede volver a tener voz.<\/p>\n\n\n\n<p class=\"has-ast-global-color-4-color has-text-color has-link-color wp-elements-cb68fb201668238b80fe68c5c38de84c\">En sesi\u00f3n trabajamos los bloqueos emocionales, los patrones repetitivos, la comunicaci\u00f3n estancada o las heridas que no se cierran. Acompa\u00f1o desde la escucha, la honestidad y la mirada amorosa hacia lo que hoy duele o distancia.<\/p>\n\n\n\n<ul class=\"wp-block-list\">\n<li> Discusiones frecuentes o tensi\u00f3n constante<\/li>\n\n\n\n<li> Falta de comunicaci\u00f3n o distancia emocional<\/li>\n\n\n\n<li> Crisis por infidelidad, cambios o decisiones<\/li>\n\n\n\n<li> P\u00e9rdida del deseo o del v\u00ednculo sexual<\/li>\n\n\n\n<li> Duelos no compartidos, proyectos bloqueados<\/li>\n\n\n\n<li> Deseo de reconectar desde otro lugar<\/li>\n<\/ul>\n\n\n\n<p class=\"has-ast-global-color-4-color has-text-color has-link-color wp-elements-16f4d68e38384bbf75490ee72a88bc4a\">Las sesiones se realizan de forma <strong>online<\/strong>, con ambos miembros presentes. Empezamos con una primera sesi\u00f3n conjunta. seguido de una segunda sesi\u00f3n individual en la que se atiende a los pacientes por separado. a partir de ah\u00ed, el proceso terap\u00e9utico se ajusta a vuestras necesidades, combinando sesiones en pareja o por separado seg\u00fan lo requiera cada etapa del tratamiento <br>Tienen una duraci\u00f3n de <strong>60 minutos<\/strong>. La frecuencia puede ser semanal, quincenal o a convenir seg\u00fan el proceso.<\/p>\n\n\n\n<p class=\"has-ast-global-color-4-color has-text-color has-link-color wp-elements-963ea0ca2dcc62da748fd3824f966004\">Trabajo con una mirada integradora, feminista y basada en el respeto mutuo y el deseo de construir una relaci\u00f3n m\u00e1s consciente.<\/p>\n\n\n\n<h2 class=\"wp-block-heading has-ast-global-color-4-color has-text-color has-link-color wp-elements-1607e4d7f8a4f67e1635e5898370c8ce\"><strong>Precio por sesi\u00f3n: 75\u202f\u20ac<\/strong> <\/h2>\n\n\n\n<p class=\"has-ast-global-color-4-color has-text-color has-link-color wp-elements-12d7750fa0e9426adb27baacc2141781\">Las sesiones se abonan previamente a trav\u00e9s de una pasarela segura. Puedes reservar directamente desde el calendario o escribirnos si ten\u00e9is dudas antes de comenzar.<\/p>\n\n\n\n<div class=\"wp-block-buttons is-layout-flex wp-block-buttons-is-layout-flex\">\n<div class=\"wp-block-button is-style-fill\"><a class=\"wp-block-button__link has-secondary-background-color has-background wp-element-button\" href=\"https:\/\/soulconnect.es\/index.php\/contacto-2\/\" style=\"border-radius:0px;text-transform:uppercase\">RESERVA TU SESION DE PAREJA<\/a><\/div>\n\n\n\n<div class=\"wp-block-button is-style-outline is-style-outline--1\"><a class=\"wp-block-button__link wp-element-button\" href=\"https:\/\/soulconnect.es\/index.php\/contacto-2\/\" style=\"border-radius:0px;text-transform:uppercase\">escribeme ANTES DE empezar<\/a><\/div>\n<\/div>\n<\/div>\n<\/div><\/div>\n<\/div>\n","protected":false},"excerpt":{"rendered":"","protected":false},"author":1,"featured_media":0,"parent":0,"menu_order":0,"comment_status":"closed","ping_status":"closed","template":"","meta":{"site-sidebar-layout":"default","site-content-layout":"","ast-site-content-layout":"default","site-content-style":"default","site-sidebar-style":"default","ast-global-header-display":"","ast-banner-title-visibility":"","ast-main-header-display":"","ast-hfb-above-header-display":"","ast-hfb-below-header-display":"","ast-hfb-mobile-header-display":"","site-post-title":"disabled","ast-breadcrumbs-content":"","ast-featured-img":"","footer-sml-layout":"","theme-transparent-header-meta":"","adv-header-id-meta":"","stick-header-meta":"","header-above-stick-meta":"","header-main-stick-meta":"","header-below-stick-meta":"","astra-migrate-meta-layouts":"default","ast-page-background-enabled":"default","ast-page-background-meta":{"desktop":{"background-color":"var(--ast-global-color-5)","background-image":"","background-repeat":"repeat","background-position":"center center","background-size":"auto","background-attachment":"scroll","background-type":"","background-media":"","overlay-type":"","overlay-color":"","overlay-opacity":"","overlay-gradient":""},"tablet":{"background-color":"","background-image":"","background-repeat":"repeat","background-position":"center center","background-size":"auto","background-attachment":"scroll","background-type":"","background-media":"","overlay-type":"","overlay-color":"","overlay-opacity":"","overlay-gradient":""},"mobile":{"background-color":"","background-image":"","background-repeat":"repeat","background-position":"center center","background-size":"auto","background-attachment":"scroll","background-type":"","background-media":"","overlay-type":"","overlay-color":"","overlay-opacity":"","overlay-gradient":""}},"ast-content-background-meta":{"desktop":{"background-color":"var(--ast-global-color-4)","background-image":"","background-repeat":"repeat","background-position":"center center","background-size":"auto","background-attachment":"scroll","background-type":"","background-media":"","overlay-type":"","overlay-color":"","overlay-opacity":"","overlay-gradient":""},"tablet":{"background-color":"var(--ast-global-color-4)","background-image":"","background-repeat":"repeat","background-position":"center center","background-size":"auto","background-attachment":"scroll","background-type":"","background-media":"","overlay-type":"","overlay-color":"","overlay-opacity":"","overlay-gradient":""},"mobile":{"background-color":"var(--ast-global-color-4)","background-image":"","background-repeat":"repeat","background-position":"center center","background-size":"auto","background-attachment":"scroll","background-type":"","background-media":"","overlay-type":"","overlay-color":"","overlay-opacity":"","overlay-gradient":""}},"footnotes":""},"class_list":["post-75","page","type-page","status-publish","hentry"],"yoast_head":"<!-- This site is optimized with the Yoast SEO plugin v25.2 - https:\/\/yoast.com\/wordpress\/plugins\/seo\/ -->\n<title>Terapia de pareja online | Lorena Ros Sanz \u2013 SoulConnect - Soul Connect<\/title>\n<meta name=\"description\" content=\"Sesiones de terapia de pareja online con Lorena Ros Sanz. Un espacio para reconectar desde el cuidado, el di\u00e1logo y el deseo. Precio: 75\u202f\u20ac.\" \/>\n<meta name=\"robots\" content=\"index, follow, max-snippet:-1, max-image-preview:large, max-video-preview:-1\" \/>\n<link rel=\"canonical\" href=\"https:\/\/soulconnect.es\/index.php\/https-soulconnect-es-index-php-sesiones-en-pareja\/\" \/>\n<meta property=\"og:locale\" content=\"es_ES\" \/>\n<meta property=\"og:type\" content=\"article\" \/>\n<meta property=\"og:title\" content=\"Terapia de pareja online | Lorena Ros Sanz \u2013 SoulConnect - Soul Connect\" \/>\n<meta property=\"og:description\" content=\"Sesiones de terapia de pareja online con Lorena Ros Sanz. Un espacio para reconectar desde el cuidado, el di\u00e1logo y el deseo. Precio: 75\u202f\u20ac.\" \/>\n<meta property=\"og:url\" content=\"https:\/\/soulconnect.es\/index.php\/https-soulconnect-es-index-php-sesiones-en-pareja\/\" \/>\n<meta property=\"og:site_name\" content=\"Soul Connect\" \/>\n<meta property=\"article:modified_time\" content=\"2025-07-25T16:47:02+00:00\" \/>\n<meta property=\"og:image\" content=\"https:\/\/soulconnect.es\/wp-content\/uploads\/2025\/07\/WhatsApp-Image-2025-07-09-at-17.25.30.jpeg\" \/>\n\t<meta property=\"og:image:width\" content=\"1024\" \/>\n\t<meta property=\"og:image:height\" content=\"1536\" \/>\n\t<meta property=\"og:image:type\" content=\"image\/jpeg\" \/>\n<meta name=\"twitter:card\" content=\"summary_large_image\" \/>\n<meta name=\"twitter:label1\" content=\"Tiempo de lectura\" \/>\n\t<meta name=\"twitter:data1\" content=\"2 minutos\" \/>\n<script type=\"application\/ld+json\" class=\"yoast-schema-graph\">{\"@context\":\"https:\/\/schema.org\",\"@graph\":[{\"@type\":\"WebPage\",\"@id\":\"https:\/\/soulconnect.es\/index.php\/https-soulconnect-es-index-php-sesiones-en-pareja\/\",\"url\":\"https:\/\/soulconnect.es\/index.php\/https-soulconnect-es-index-php-sesiones-en-pareja\/\",\"name\":\"Terapia de pareja online | Lorena Ros Sanz \u2013 SoulConnect - Soul Connect\",\"isPartOf\":{\"@id\":\"https:\/\/soulconnect.es\/#website\"},\"primaryImageOfPage\":{\"@id\":\"https:\/\/soulconnect.es\/index.php\/https-soulconnect-es-index-php-sesiones-en-pareja\/#primaryimage\"},\"image\":{\"@id\":\"https:\/\/soulconnect.es\/index.php\/https-soulconnect-es-index-php-sesiones-en-pareja\/#primaryimage\"},\"thumbnailUrl\":\"https:\/\/soulconnect.es\/wp-content\/uploads\/2025\/07\/WhatsApp-Image-2025-07-09-at-17.25.30.jpeg\",\"datePublished\":\"2025-06-11T08:52:05+00:00\",\"dateModified\":\"2025-07-25T16:47:02+00:00\",\"description\":\"Sesiones de terapia de pareja online con Lorena Ros Sanz. Un espacio para reconectar desde el cuidado, el di\u00e1logo y el deseo. Precio: 75\u202f\u20ac.\",\"breadcrumb\":{\"@id\":\"https:\/\/soulconnect.es\/index.php\/https-soulconnect-es-index-php-sesiones-en-pareja\/#breadcrumb\"},\"inLanguage\":\"es\",\"potentialAction\":[{\"@type\":\"ReadAction\",\"target\":[\"https:\/\/soulconnect.es\/index.php\/https-soulconnect-es-index-php-sesiones-en-pareja\/\"]}]},{\"@type\":\"ImageObject\",\"inLanguage\":\"es\",\"@id\":\"https:\/\/soulconnect.es\/index.php\/https-soulconnect-es-index-php-sesiones-en-pareja\/#primaryimage\",\"url\":\"https:\/\/soulconnect.es\/wp-content\/uploads\/2025\/07\/WhatsApp-Image-2025-07-09-at-17.25.30.jpeg\",\"contentUrl\":\"https:\/\/soulconnect.es\/wp-content\/uploads\/2025\/07\/WhatsApp-Image-2025-07-09-at-17.25.30.jpeg\",\"width\":1024,\"height\":1536},{\"@type\":\"BreadcrumbList\",\"@id\":\"https:\/\/soulconnect.es\/index.php\/https-soulconnect-es-index-php-sesiones-en-pareja\/#breadcrumb\",\"itemListElement\":[{\"@type\":\"ListItem\",\"position\":1,\"name\":\"Portada\",\"item\":\"https:\/\/soulconnect.es\/\"},{\"@type\":\"ListItem\",\"position\":2,\"name\":\"Terapia de Pareja online | Lorena Ros Sanz \u2013 SoulConnect\"}]},{\"@type\":\"WebSite\",\"@id\":\"https:\/\/soulconnect.es\/#website\",\"url\":\"https:\/\/soulconnect.es\/\",\"name\":\"Soulconnect.es\",\"description\":\"\",\"publisher\":{\"@id\":\"https:\/\/soulconnect.es\/#organization\"},\"potentialAction\":[{\"@type\":\"SearchAction\",\"target\":{\"@type\":\"EntryPoint\",\"urlTemplate\":\"https:\/\/soulconnect.es\/?s={search_term_string}\"},\"query-input\":{\"@type\":\"PropertyValueSpecification\",\"valueRequired\":true,\"valueName\":\"search_term_string\"}}],\"inLanguage\":\"es\"},{\"@type\":\"Organization\",\"@id\":\"https:\/\/soulconnect.es\/#organization\",\"name\":\"Soul Connect\",\"url\":\"https:\/\/soulconnect.es\/\",\"logo\":{\"@type\":\"ImageObject\",\"inLanguage\":\"es\",\"@id\":\"https:\/\/soulconnect.es\/#\/schema\/logo\/image\/\",\"url\":\"https:\/\/soulconnect.es\/wp-content\/uploads\/2025\/06\/favicon.png\",\"contentUrl\":\"https:\/\/soulconnect.es\/wp-content\/uploads\/2025\/06\/favicon.png\",\"width\":1024,\"height\":1024,\"caption\":\"Soul Connect\"},\"image\":{\"@id\":\"https:\/\/soulconnect.es\/#\/schema\/logo\/image\/\"}}]}<\/script>\n<!-- \/ Yoast SEO plugin. -->","yoast_head_json":{"title":"Terapia de pareja online | Lorena Ros Sanz \u2013 SoulConnect - Soul Connect","description":"Sesiones de terapia de pareja online con Lorena Ros Sanz. Un espacio para reconectar desde el cuidado, el di\u00e1logo y el deseo. Precio: 75\u202f\u20ac.","robots":{"index":"index","follow":"follow","max-snippet":"max-snippet:-1","max-image-preview":"max-image-preview:large","max-video-preview":"max-video-preview:-1"},"canonical":"https:\/\/soulconnect.es\/index.php\/https-soulconnect-es-index-php-sesiones-en-pareja\/","og_locale":"es_ES","og_type":"article","og_title":"Terapia de pareja online | Lorena Ros Sanz \u2013 SoulConnect - Soul Connect","og_description":"Sesiones de terapia de pareja online con Lorena Ros Sanz. Un espacio para reconectar desde el cuidado, el di\u00e1logo y el deseo. Precio: 75\u202f\u20ac.","og_url":"https:\/\/soulconnect.es\/index.php\/https-soulconnect-es-index-php-sesiones-en-pareja\/","og_site_name":"Soul Connect","article_modified_time":"2025-07-25T16:47:02+00:00","og_image":[{"width":1024,"height":1536,"url":"https:\/\/soulconnect.es\/wp-content\/uploads\/2025\/07\/WhatsApp-Image-2025-07-09-at-17.25.30.jpeg","type":"image\/jpeg"}],"twitter_card":"summary_large_image","twitter_misc":{"Tiempo de lectura":"2 minutos"},"schema":{"@context":"https:\/\/schema.org","@graph":[{"@type":"WebPage","@id":"https:\/\/soulconnect.es\/index.php\/https-soulconnect-es-index-php-sesiones-en-pareja\/","url":"https:\/\/soulconnect.es\/index.php\/https-soulconnect-es-index-php-sesiones-en-pareja\/","name":"Terapia de pareja online | Lorena Ros Sanz \u2013 SoulConnect - Soul Connect","isPartOf":{"@id":"https:\/\/soulconnect.es\/#website"},"primaryImageOfPage":{"@id":"https:\/\/soulconnect.es\/index.php\/https-soulconnect-es-index-php-sesiones-en-pareja\/#primaryimage"},"image":{"@id":"https:\/\/soulconnect.es\/index.php\/https-soulconnect-es-index-php-sesiones-en-pareja\/#primaryimage"},"thumbnailUrl":"https:\/\/soulconnect.es\/wp-content\/uploads\/2025\/07\/WhatsApp-Image-2025-07-09-at-17.25.30.jpeg","datePublished":"2025-06-11T08:52:05+00:00","dateModified":"2025-07-25T16:47:02+00:00","description":"Sesiones de terapia de pareja online con Lorena Ros Sanz. Un espacio para reconectar desde el cuidado, el di\u00e1logo y el deseo. Precio: 75\u202f\u20ac.","breadcrumb":{"@id":"https:\/\/soulconnect.es\/index.php\/https-soulconnect-es-index-php-sesiones-en-pareja\/#breadcrumb"},"inLanguage":"es","potentialAction":[{"@type":"ReadAction","target":["https:\/\/soulconnect.es\/index.php\/https-soulconnect-es-index-php-sesiones-en-pareja\/"]}]},{"@type":"ImageObject","inLanguage":"es","@id":"https:\/\/soulconnect.es\/index.php\/https-soulconnect-es-index-php-sesiones-en-pareja\/#primaryimage","url":"https:\/\/soulconnect.es\/wp-content\/uploads\/2025\/07\/WhatsApp-Image-2025-07-09-at-17.25.30.jpeg","contentUrl":"https:\/\/soulconnect.es\/wp-content\/uploads\/2025\/07\/WhatsApp-Image-2025-07-09-at-17.25.30.jpeg","width":1024,"height":1536},{"@type":"BreadcrumbList","@id":"https:\/\/soulconnect.es\/index.php\/https-soulconnect-es-index-php-sesiones-en-pareja\/#breadcrumb","itemListElement":[{"@type":"ListItem","position":1,"name":"Portada","item":"https:\/\/soulconnect.es\/"},{"@type":"ListItem","position":2,"name":"Terapia de Pareja online | Lorena Ros Sanz \u2013 SoulConnect"}]},{"@type":"WebSite","@id":"https:\/\/soulconnect.es\/#website","url":"https:\/\/soulconnect.es\/","name":"Soulconnect.es","description":"","publisher":{"@id":"https:\/\/soulconnect.es\/#organization"},"potentialAction":[{"@type":"SearchAction","target":{"@type":"EntryPoint","urlTemplate":"https:\/\/soulconnect.es\/?s={search_term_string}"},"query-input":{"@type":"PropertyValueSpecification","valueRequired":true,"valueName":"search_term_string"}}],"inLanguage":"es"},{"@type":"Organization","@id":"https:\/\/soulconnect.es\/#organization","name":"Soul Connect","url":"https:\/\/soulconnect.es\/","logo":{"@type":"ImageObject","inLanguage":"es","@id":"https:\/\/soulconnect.es\/#\/schema\/logo\/image\/","url":"https:\/\/soulconnect.es\/wp-content\/uploads\/2025\/06\/favicon.png","contentUrl":"https:\/\/soulconnect.es\/wp-content\/uploads\/2025\/06\/favicon.png","width":1024,"height":1024,"caption":"Soul Connect"},"image":{"@id":"https:\/\/soulconnect.es\/#\/schema\/logo\/image\/"}}]}},"_links":{"self":[{"href":"https:\/\/soulconnect.es\/index.php\/wp-json\/wp\/v2\/pages\/75","targetHints":{"allow":["GET"]}}],"collection":[{"href":"https:\/\/soulconnect.es\/index.php\/wp-json\/wp\/v2\/pages"}],"about":[{"href":"https:\/\/soulconnect.es\/index.php\/wp-json\/wp\/v2\/types\/page"}],"author":[{"embeddable":true,"href":"https:\/\/soulconnect.es\/index.php\/wp-json\/wp\/v2\/users\/1"}],"replies":[{"embeddable":true,"href":"https:\/\/soulconnect.es\/index.php\/wp-json\/wp\/v2\/comments?post=75"}],"version-history":[{"count":13,"href":"https:\/\/soulconnect.es\/index.php\/wp-json\/wp\/v2\/pages\/75\/revisions"}],"predecessor-version":[{"id":262,"href":"https:\/\/soulconnect.es\/index.php\/wp-json\/wp\/v2\/pages\/75\/revisions\/262"}],"wp:attachment":[{"href":"https:\/\/soulconnect.es\/index.php\/wp-json\/wp\/v2\/media?parent=75"}],"curies":[{"name":"wp","href":"https:\/\/api.w.org\/{rel}","templated":true}]}}