{"id":8,"date":"2025-06-02T05:32:05","date_gmt":"2025-06-02T05:32:05","guid":{"rendered":"https:\/\/soulconnect.es\/?page_id=8"},"modified":"2025-07-09T15:31:58","modified_gmt":"2025-07-09T15:31:58","slug":"acerca-de","status":"publish","type":"page","link":"https:\/\/soulconnect.es\/index.php\/acerca-de\/","title":{"rendered":"Sobre mi"},"content":{"rendered":"\n<div class=\"wp-block-group is-layout-constrained wp-block-group-is-layout-constrained\">\n<h1 class=\"wp-block-heading has-text-align-center has-medium-font-size\" style=\"letter-spacing:1px\">Sobre mi<\/h1>\n\n\n\n<p class=\"has-text-align-center\">Mi nombre es <strong>Lorena Ros Sanz<\/strong>. Soy psic\u00f3loga y sex\u00f3loga, y he creado <em>SoulConnect<\/em> como un espacio donde el cuerpo, la emoci\u00f3n, la palabra y el deseo puedan convivir sin juicio. Acompa\u00f1o procesos desde una mirada profunda, cercana y respetuosa, donde lo importante no es tener respuestas, sino empezar a hacerse preguntas con calma.<\/p>\n<\/div>\n\n\n\n<div class=\"wp-block-group alignfull pattern_multiple_covers has-background is-layout-constrained wp-block-group-is-layout-constrained\" id=\"services\" style=\"background-color:#f8f8f8\">\n<p class=\"has-text-align-left has-secondary-color has-text-color\" style=\"letter-spacing:1px\">TRABAJEMOS JUNTOS<\/p>\n\n\n\n<p class=\"has-text-align-left\">Trabajo desde un enfoque integrador, con base en la psicolog\u00eda humanista, la sexolog\u00eda feminista y el acompa\u00f1amiento emocional consciente. Me mueve lo no dicho, lo que cuesta sentir, lo que aprieta en el pecho o se congela en el cuerpo. No creo en arreglarte, porque no est\u00e1s rota: creo en ofrecerte un espacio seguro para que puedas escucharte desde otro lugar.<\/p>\n<\/div>\n\n\n\n<div class=\"wp-block-group alignfull is-layout-constrained wp-block-group-is-layout-constrained\">\n<div class=\"wp-block-group is-layout-constrained wp-block-group-is-layout-constrained\" style=\"padding-top:var(--wp--preset--spacing--small);padding-bottom:var(--wp--preset--spacing--small)\">\n<div style=\"height:30px\" aria-hidden=\"true\" class=\"wp-block-spacer\"><\/div>\n\n\n\n<div class=\"wp-block-columns is-layout-flex wp-container-core-columns-is-layout-c375d253 wp-block-columns-is-layout-flex\">\n<div class=\"wp-block-column is-vertically-aligned-center is-layout-flow wp-block-column-is-layout-flow\">\n<p>Acompa\u00f1o personas que se sienten perdidas, bloqueadas, desconectadas o simplemente con ganas de comprenderse mejor. Ofrezco <strong><a href=\"https:\/\/soulconnect.es\/index.php\/terapia-individual\/\">sesiones individuales<\/a><\/strong> para reconectar contigo misma, y <strong><a href=\"https:\/\/soulconnect.es\/index.php\/https-soulconnect-es-index-php-sesiones-en-pareja\/\">terapia de pareja<\/a><\/strong> para reencontrar el v\u00ednculo, el deseo o la palabra compartida. Cada proceso es \u00fanico, y cada historia merece su propio ritmo.<\/p>\n\n\n\n<p><\/p>\n<\/div>\n\n\n\n<div class=\"wp-block-column is-layout-flow wp-block-column-is-layout-flow\">\n<figure class=\"wp-block-image size-large\"><img loading=\"lazy\" decoding=\"async\" width=\"682\" height=\"1024\" src=\"https:\/\/soulconnect.es\/wp-content\/uploads\/2025\/06\/WhatsApp-Image-2025-06-11-at-17.10.04-682x1024.jpeg\" alt=\"\" class=\"wp-image-119\" srcset=\"https:\/\/soulconnect.es\/wp-content\/uploads\/2025\/06\/WhatsApp-Image-2025-06-11-at-17.10.04-682x1024.jpeg 682w, https:\/\/soulconnect.es\/wp-content\/uploads\/2025\/06\/WhatsApp-Image-2025-06-11-at-17.10.04-200x300.jpeg 200w, https:\/\/soulconnect.es\/wp-content\/uploads\/2025\/06\/WhatsApp-Image-2025-06-11-at-17.10.04.jpeg 950w\" sizes=\"auto, (max-width: 682px) 100vw, 682px\" \/><\/figure>\n<\/div>\n<\/div>\n\n\n\n<div style=\"height:30px\" aria-hidden=\"true\" class=\"wp-block-spacer\"><\/div>\n<\/div>\n<\/div>\n\n\n\n<div class=\"wp-block-group alignfull has-background is-layout-constrained wp-block-group-is-layout-constrained\" style=\"background-color:#f8f8f8\">\n<div class=\"wp-block-group is-layout-constrained wp-block-group-is-layout-constrained\" style=\"padding-top:var(--wp--preset--spacing--small);padding-bottom:var(--wp--preset--spacing--small)\">\n<div style=\"height:30px\" aria-hidden=\"true\" class=\"wp-block-spacer\"><\/div>\n\n\n\n<div class=\"wp-block-columns are-vertically-aligned-center is-layout-flex wp-container-core-columns-is-layout-c375d253 wp-block-columns-is-layout-flex\">\n<div class=\"wp-block-column is-vertically-aligned-center is-layout-flow wp-block-column-is-layout-flow\">\n<figure class=\"wp-block-image size-large\"><img loading=\"lazy\" decoding=\"async\" width=\"767\" height=\"1024\" src=\"https:\/\/soulconnect.es\/wp-content\/uploads\/2025\/06\/WhatsApp-Image-2025-06-11-at-17.09.54-767x1024.jpeg\" alt=\"\" class=\"wp-image-124\" srcset=\"https:\/\/soulconnect.es\/wp-content\/uploads\/2025\/06\/WhatsApp-Image-2025-06-11-at-17.09.54-767x1024.jpeg 767w, https:\/\/soulconnect.es\/wp-content\/uploads\/2025\/06\/WhatsApp-Image-2025-06-11-at-17.09.54-225x300.jpeg 225w, https:\/\/soulconnect.es\/wp-content\/uploads\/2025\/06\/WhatsApp-Image-2025-06-11-at-17.09.54.jpeg 1199w\" sizes=\"auto, (max-width: 767px) 100vw, 767px\" \/><\/figure>\n<\/div>\n\n\n\n<div class=\"wp-block-column is-vertically-aligned-center is-layout-flow wp-block-column-is-layout-flow\">\n<p><em>SoulConnect<\/em> es tambi\u00e9n una forma de vivir la psicoterapia: con alma, con cuerpo y con ra\u00edz. Un espacio donde tambi\u00e9n caben el caos, la intensidad, la calma y la reconstrucci\u00f3n. Si sientes que este puede ser tu lugar, estar\u00e9 aqu\u00ed para acompa\u00f1arte. Y si no sabes por d\u00f3nde empezar, no pasa nada: empezar ya es empezar.<\/p>\n<\/div>\n<\/div>\n\n\n\n<div style=\"height:30px\" aria-hidden=\"true\" class=\"wp-block-spacer\"><\/div>\n<\/div>\n<\/div>\n\n\n\n<div id=\"team\" class=\"wp-block-group is-layout-constrained wp-block-group-is-layout-constrained\"><\/div>\n\n\n\n<div class=\"wp-block-cover alignfull has-parallax is-position-center-center\" style=\"border-radius:0px\"><div class=\"wp-block-cover__image-background wp-image-24 has-parallax\" style=\"background-position:50% 50%;background-image:url(https:\/\/soulconnect.es\/wp-content\/themes\/inspiro\/assets\/images\/StockSnap_89BQZ89TLH.jpg)\"><\/div><span aria-hidden=\"true\" class=\"wp-block-cover__background has-black-background-color has-background-dim-40 has-background-dim\"><\/span><div class=\"wp-block-cover__inner-container is-layout-flow wp-block-cover-is-layout-flow\">\n<div class=\"wp-block-group is-layout-constrained wp-block-group-is-layout-constrained\">\n<h3 class=\"wp-block-heading has-text-align-center has-text-color has-medium-font-size\" style=\"color:#fffffa;text-transform:uppercase\">ESTAMOS PARA RESOLVER TODAS TUS DUDAS<br><\/h3>\n\n\n\n<p class=\"has-text-align-center has-white-color has-text-color\"><em>No est\u00e1s solo: cada pregunta, inquietud o emoci\u00f3n tiene un lugar aqu\u00ed.<\/em><br><em>Escr\u00edbenos sin miedo. Estamos para escucharte y acompa\u00f1arte, sin juicios.<\/em><\/p>\n\n\n\n<div class=\"wp-block-buttons is-horizontal is-content-justification-center is-layout-flex wp-container-core-buttons-is-layout-03627597 wp-block-buttons-is-layout-flex\">\n<div class=\"wp-block-button is-style-outline is-style-outline--1\"><a class=\"wp-block-button__link has-white-color has-text-color wp-element-button\" href=\"https:\/\/soulconnect.es\/index.php\/contacto-2\/\" style=\"border-radius:0px\">CONTACTO<\/a><\/div>\n<\/div>\n<\/div>\n<\/div><\/div>\n","protected":false},"excerpt":{"rendered":"<p>Sobre mi Mi nombre es Lorena Ros Sanz. Soy psic\u00f3loga y sex\u00f3loga, y he creado SoulConnect como un espacio donde [&hellip;]<\/p>\n","protected":false},"author":1,"featured_media":5,"parent":0,"menu_order":0,"comment_status":"closed","ping_status":"closed","template":"","meta":{"site-sidebar-layout":"default","site-content-layout":"","ast-site-content-layout":"default","site-content-style":"default","site-sidebar-style":"default","ast-global-header-display":"","ast-banner-title-visibility":"","ast-main-header-display":"","ast-hfb-above-header-display":"","ast-hfb-below-header-display":"","ast-hfb-mobile-header-display":"","site-post-title":"disabled","ast-breadcrumbs-content":"","ast-featured-img":"","footer-sml-layout":"","theme-transparent-header-meta":"","adv-header-id-meta":"","stick-header-meta":"","header-above-stick-meta":"","header-main-stick-meta":"","header-below-stick-meta":"","astra-migrate-meta-layouts":"default","ast-page-background-enabled":"default","ast-page-background-meta":{"desktop":{"background-color":"var(--ast-global-color-5)","background-image":"","background-repeat":"repeat","background-position":"center center","background-size":"auto","background-attachment":"scroll","background-type":"","background-media":"","overlay-type":"","overlay-color":"","overlay-opacity":"","overlay-gradient":""},"tablet":{"background-color":"","background-image":"","background-repeat":"repeat","background-position":"center center","background-size":"auto","background-attachment":"scroll","background-type":"","background-media":"","overlay-type":"","overlay-color":"","overlay-opacity":"","overlay-gradient":""},"mobile":{"background-color":"","background-image":"","background-repeat":"repeat","background-position":"center center","background-size":"auto","background-attachment":"scroll","background-type":"","background-media":"","overlay-type":"","overlay-color":"","overlay-opacity":"","overlay-gradient":""}},"ast-content-background-meta":{"desktop":{"background-color":"var(--ast-global-color-4)","background-image":"","background-repeat":"repeat","background-position":"center center","background-size":"auto","background-attachment":"scroll","background-type":"","background-media":"","overlay-type":"","overlay-color":"","overlay-opacity":"","overlay-gradient":""},"tablet":{"background-color":"var(--ast-global-color-4)","background-image":"","background-repeat":"repeat","background-position":"center center","background-size":"auto","background-attachment":"scroll","background-type":"","background-media":"","overlay-type":"","overlay-color":"","overlay-opacity":"","overlay-gradient":""},"mobile":{"background-color":"var(--ast-global-color-4)","background-image":"","background-repeat":"repeat","background-position":"center center","background-size":"auto","background-attachment":"scroll","background-type":"","background-media":"","overlay-type":"","overlay-color":"","overlay-opacity":"","overlay-gradient":""}},"footnotes":""},"class_list":["post-8","page","type-page","status-publish","has-post-thumbnail","hentry"],"yoast_head":"<!-- This site is optimized with the Yoast SEO plugin v25.2 - https:\/\/yoast.com\/wordpress\/plugins\/seo\/ -->\n<title>Lorena Ros Sanz \u00b7 Psic\u00f3loga y Sex\u00f3loga online | SoulConnect - Soul Connect<\/title>\n<meta name=\"description\" content=\"Conoce a Lorena Ros Sanz, psic\u00f3loga y sex\u00f3loga creadora de SoulConnect. Acompa\u00f1amiento emocional, terapia de pareja y sesiones individuales online desde la escucha y el cuerpo.\" \/>\n<meta name=\"robots\" content=\"index, follow, max-snippet:-1, max-image-preview:large, max-video-preview:-1\" \/>\n<link rel=\"canonical\" href=\"https:\/\/soulconnect.es\/index.php\/acerca-de\/\" \/>\n<meta property=\"og:locale\" content=\"es_ES\" \/>\n<meta property=\"og:type\" content=\"article\" \/>\n<meta property=\"og:title\" content=\"Lorena Ros Sanz \u00b7 Psic\u00f3loga y Sex\u00f3loga online | SoulConnect - Soul Connect\" \/>\n<meta property=\"og:description\" content=\"Conoce a Lorena Ros Sanz, psic\u00f3loga y sex\u00f3loga creadora de SoulConnect. Acompa\u00f1amiento emocional, terapia de pareja y sesiones individuales online desde la escucha y el cuerpo.\" \/>\n<meta property=\"og:url\" content=\"https:\/\/soulconnect.es\/index.php\/acerca-de\/\" \/>\n<meta property=\"og:site_name\" content=\"Soul Connect\" \/>\n<meta property=\"article:modified_time\" content=\"2025-07-09T15:31:58+00:00\" \/>\n<meta property=\"og:image\" content=\"https:\/\/soulconnect.es\/wp-content\/uploads\/2025\/06\/StockSnap_M6D1GS9PSL.jpg\" \/>\n\t<meta property=\"og:image:width\" content=\"2000\" \/>\n\t<meta property=\"og:image:height\" content=\"1317\" \/>\n\t<meta property=\"og:image:type\" content=\"image\/jpeg\" \/>\n<meta name=\"twitter:card\" content=\"summary_large_image\" \/>\n<meta name=\"twitter:label1\" content=\"Tiempo de lectura\" \/>\n\t<meta name=\"twitter:data1\" content=\"2 minutos\" \/>\n<script type=\"application\/ld+json\" class=\"yoast-schema-graph\">{\"@context\":\"https:\/\/schema.org\",\"@graph\":[{\"@type\":\"WebPage\",\"@id\":\"https:\/\/soulconnect.es\/index.php\/acerca-de\/\",\"url\":\"https:\/\/soulconnect.es\/index.php\/acerca-de\/\",\"name\":\"Lorena Ros Sanz \u00b7 Psic\u00f3loga y Sex\u00f3loga online | SoulConnect - Soul Connect\",\"isPartOf\":{\"@id\":\"https:\/\/soulconnect.es\/#website\"},\"primaryImageOfPage\":{\"@id\":\"https:\/\/soulconnect.es\/index.php\/acerca-de\/#primaryimage\"},\"image\":{\"@id\":\"https:\/\/soulconnect.es\/index.php\/acerca-de\/#primaryimage\"},\"thumbnailUrl\":\"https:\/\/soulconnect.es\/wp-content\/uploads\/2025\/06\/StockSnap_M6D1GS9PSL.jpg\",\"datePublished\":\"2025-06-02T05:32:05+00:00\",\"dateModified\":\"2025-07-09T15:31:58+00:00\",\"description\":\"Conoce a Lorena Ros Sanz, psic\u00f3loga y sex\u00f3loga creadora de SoulConnect. Acompa\u00f1amiento emocional, terapia de pareja y sesiones individuales online desde la escucha y el cuerpo.\",\"breadcrumb\":{\"@id\":\"https:\/\/soulconnect.es\/index.php\/acerca-de\/#breadcrumb\"},\"inLanguage\":\"es\",\"potentialAction\":[{\"@type\":\"ReadAction\",\"target\":[\"https:\/\/soulconnect.es\/index.php\/acerca-de\/\"]}]},{\"@type\":\"ImageObject\",\"inLanguage\":\"es\",\"@id\":\"https:\/\/soulconnect.es\/index.php\/acerca-de\/#primaryimage\",\"url\":\"https:\/\/soulconnect.es\/wp-content\/uploads\/2025\/06\/StockSnap_M6D1GS9PSL.jpg\",\"contentUrl\":\"https:\/\/soulconnect.es\/wp-content\/uploads\/2025\/06\/StockSnap_M6D1GS9PSL.jpg\",\"width\":2000,\"height\":1317},{\"@type\":\"BreadcrumbList\",\"@id\":\"https:\/\/soulconnect.es\/index.php\/acerca-de\/#breadcrumb\",\"itemListElement\":[{\"@type\":\"ListItem\",\"position\":1,\"name\":\"Portada\",\"item\":\"https:\/\/soulconnect.es\/\"},{\"@type\":\"ListItem\",\"position\":2,\"name\":\"Sobre mi\"}]},{\"@type\":\"WebSite\",\"@id\":\"https:\/\/soulconnect.es\/#website\",\"url\":\"https:\/\/soulconnect.es\/\",\"name\":\"Soulconnect.es\",\"description\":\"\",\"publisher\":{\"@id\":\"https:\/\/soulconnect.es\/#organization\"},\"potentialAction\":[{\"@type\":\"SearchAction\",\"target\":{\"@type\":\"EntryPoint\",\"urlTemplate\":\"https:\/\/soulconnect.es\/?s={search_term_string}\"},\"query-input\":{\"@type\":\"PropertyValueSpecification\",\"valueRequired\":true,\"valueName\":\"search_term_string\"}}],\"inLanguage\":\"es\"},{\"@type\":\"Organization\",\"@id\":\"https:\/\/soulconnect.es\/#organization\",\"name\":\"Soul Connect\",\"url\":\"https:\/\/soulconnect.es\/\",\"logo\":{\"@type\":\"ImageObject\",\"inLanguage\":\"es\",\"@id\":\"https:\/\/soulconnect.es\/#\/schema\/logo\/image\/\",\"url\":\"https:\/\/soulconnect.es\/wp-content\/uploads\/2025\/06\/favicon.png\",\"contentUrl\":\"https:\/\/soulconnect.es\/wp-content\/uploads\/2025\/06\/favicon.png\",\"width\":1024,\"height\":1024,\"caption\":\"Soul Connect\"},\"image\":{\"@id\":\"https:\/\/soulconnect.es\/#\/schema\/logo\/image\/\"}}]}<\/script>\n<!-- \/ Yoast SEO plugin. -->","yoast_head_json":{"title":"Lorena Ros Sanz \u00b7 Psic\u00f3loga y Sex\u00f3loga online | SoulConnect - Soul Connect","description":"Conoce a Lorena Ros Sanz, psic\u00f3loga y sex\u00f3loga creadora de SoulConnect. Acompa\u00f1amiento emocional, terapia de pareja y sesiones individuales online desde la escucha y el cuerpo.","robots":{"index":"index","follow":"follow","max-snippet":"max-snippet:-1","max-image-preview":"max-image-preview:large","max-video-preview":"max-video-preview:-1"},"canonical":"https:\/\/soulconnect.es\/index.php\/acerca-de\/","og_locale":"es_ES","og_type":"article","og_title":"Lorena Ros Sanz \u00b7 Psic\u00f3loga y Sex\u00f3loga online | SoulConnect - Soul Connect","og_description":"Conoce a Lorena Ros Sanz, psic\u00f3loga y sex\u00f3loga creadora de SoulConnect. Acompa\u00f1amiento emocional, terapia de pareja y sesiones individuales online desde la escucha y el cuerpo.","og_url":"https:\/\/soulconnect.es\/index.php\/acerca-de\/","og_site_name":"Soul Connect","article_modified_time":"2025-07-09T15:31:58+00:00","og_image":[{"width":2000,"height":1317,"url":"https:\/\/soulconnect.es\/wp-content\/uploads\/2025\/06\/StockSnap_M6D1GS9PSL.jpg","type":"image\/jpeg"}],"twitter_card":"summary_large_image","twitter_misc":{"Tiempo de lectura":"2 minutos"},"schema":{"@context":"https:\/\/schema.org","@graph":[{"@type":"WebPage","@id":"https:\/\/soulconnect.es\/index.php\/acerca-de\/","url":"https:\/\/soulconnect.es\/index.php\/acerca-de\/","name":"Lorena Ros Sanz \u00b7 Psic\u00f3loga y Sex\u00f3loga online | SoulConnect - Soul Connect","isPartOf":{"@id":"https:\/\/soulconnect.es\/#website"},"primaryImageOfPage":{"@id":"https:\/\/soulconnect.es\/index.php\/acerca-de\/#primaryimage"},"image":{"@id":"https:\/\/soulconnect.es\/index.php\/acerca-de\/#primaryimage"},"thumbnailUrl":"https:\/\/soulconnect.es\/wp-content\/uploads\/2025\/06\/StockSnap_M6D1GS9PSL.jpg","datePublished":"2025-06-02T05:32:05+00:00","dateModified":"2025-07-09T15:31:58+00:00","description":"Conoce a Lorena Ros Sanz, psic\u00f3loga y sex\u00f3loga creadora de SoulConnect. Acompa\u00f1amiento emocional, terapia de pareja y sesiones individuales online desde la escucha y el cuerpo.","breadcrumb":{"@id":"https:\/\/soulconnect.es\/index.php\/acerca-de\/#breadcrumb"},"inLanguage":"es","potentialAction":[{"@type":"ReadAction","target":["https:\/\/soulconnect.es\/index.php\/acerca-de\/"]}]},{"@type":"ImageObject","inLanguage":"es","@id":"https:\/\/soulconnect.es\/index.php\/acerca-de\/#primaryimage","url":"https:\/\/soulconnect.es\/wp-content\/uploads\/2025\/06\/StockSnap_M6D1GS9PSL.jpg","contentUrl":"https:\/\/soulconnect.es\/wp-content\/uploads\/2025\/06\/StockSnap_M6D1GS9PSL.jpg","width":2000,"height":1317},{"@type":"BreadcrumbList","@id":"https:\/\/soulconnect.es\/index.php\/acerca-de\/#breadcrumb","itemListElement":[{"@type":"ListItem","position":1,"name":"Portada","item":"https:\/\/soulconnect.es\/"},{"@type":"ListItem","position":2,"name":"Sobre mi"}]},{"@type":"WebSite","@id":"https:\/\/soulconnect.es\/#website","url":"https:\/\/soulconnect.es\/","name":"Soulconnect.es","description":"","publisher":{"@id":"https:\/\/soulconnect.es\/#organization"},"potentialAction":[{"@type":"SearchAction","target":{"@type":"EntryPoint","urlTemplate":"https:\/\/soulconnect.es\/?s={search_term_string}"},"query-input":{"@type":"PropertyValueSpecification","valueRequired":true,"valueName":"search_term_string"}}],"inLanguage":"es"},{"@type":"Organization","@id":"https:\/\/soulconnect.es\/#organization","name":"Soul Connect","url":"https:\/\/soulconnect.es\/","logo":{"@type":"ImageObject","inLanguage":"es","@id":"https:\/\/soulconnect.es\/#\/schema\/logo\/image\/","url":"https:\/\/soulconnect.es\/wp-content\/uploads\/2025\/06\/favicon.png","contentUrl":"https:\/\/soulconnect.es\/wp-content\/uploads\/2025\/06\/favicon.png","width":1024,"height":1024,"caption":"Soul Connect"},"image":{"@id":"https:\/\/soulconnect.es\/#\/schema\/logo\/image\/"}}]}},"_links":{"self":[{"href":"https:\/\/soulconnect.es\/index.php\/wp-json\/wp\/v2\/pages\/8","targetHints":{"allow":["GET"]}}],"collection":[{"href":"https:\/\/soulconnect.es\/index.php\/wp-json\/wp\/v2\/pages"}],"about":[{"href":"https:\/\/soulconnect.es\/index.php\/wp-json\/wp\/v2\/types\/page"}],"author":[{"embeddable":true,"href":"https:\/\/soulconnect.es\/index.php\/wp-json\/wp\/v2\/users\/1"}],"replies":[{"embeddable":true,"href":"https:\/\/soulconnect.es\/index.php\/wp-json\/wp\/v2\/comments?post=8"}],"version-history":[{"count":8,"href":"https:\/\/soulconnect.es\/index.php\/wp-json\/wp\/v2\/pages\/8\/revisions"}],"predecessor-version":[{"id":249,"href":"https:\/\/soulconnect.es\/index.php\/wp-json\/wp\/v2\/pages\/8\/revisions\/249"}],"wp:featuredmedia":[{"embeddable":true,"href":"https:\/\/soulconnect.es\/index.php\/wp-json\/wp\/v2\/media\/5"}],"wp:attachment":[{"href":"https:\/\/soulconnect.es\/index.php\/wp-json\/wp\/v2\/media?parent=8"}],"curies":[{"name":"wp","href":"https:\/\/api.w.org\/{rel}","templated":true}]}}